{"id":1441,"date":"2023-02-08T10:04:28","date_gmt":"2023-02-08T15:04:28","guid":{"rendered":"https:\/\/www.makara.us\/portal\/?page_id=1441"},"modified":"2023-02-09T15:37:23","modified_gmt":"2023-02-09T20:37:23","slug":"vigil-meditations-syria-turkey-2023","status":"publish","type":"page","link":"https:\/\/www.makara.us\/portal\/?page_id=1441","title":{"rendered":"Vigil Meditations &#8211; Syria-Turkey 2023"},"content":{"rendered":"<div class=\"posting fullpost\" style=\"text-align: center;\"><\/div>\n<div style=\"text-align: center;\">\n<h4 style=\"text-align: center;\"><span style=\"color: #0a0a82;\"><strong>Special Syria | Turkey Meditation Vigil<br \/>\n<span style=\"color: #339966;\">&#8220;This intensification of the light will continue until A.D. 2025, when there will come a cycle of relative stability <\/span><br \/>\n<span style=\"color: #339966;\">and of steady shining without much augmentation.&#8221; (EP I p103)<\/span><\/strong><\/span><\/h4>\n<hr \/>\n<\/div>\n<div>\n<h2 style=\"text-align: center;\"><span style=\"color: #993300;\">Vigil Meditation for Turkey and Syria<\/span><strong>\u00a0<\/strong><strong><span style=\"color: #1572b5;\">\u00a0<\/span><\/strong><\/h2>\n<\/div>\n<p style=\"text-align: center;\"><a href=\"https:\/\/www.makara.us\/portal\/wp-content\/uploads\/2023\/02\/2023_MeditationVigil-TurkeySyria-QuakeArea.png\"><img fetchpriority=\"high\" decoding=\"async\" class=\"alignnone size-medium wp-image-1447\" src=\"https:\/\/www.makara.us\/portal\/wp-content\/uploads\/2023\/02\/2023_MeditationVigil-TurkeySyria-QuakeArea-300x294.png\" alt=\"\" width=\"300\" height=\"294\" srcset=\"https:\/\/www.makara.us\/portal\/wp-content\/uploads\/2023\/02\/2023_MeditationVigil-TurkeySyria-QuakeArea-300x294.png 300w, https:\/\/www.makara.us\/portal\/wp-content\/uploads\/2023\/02\/2023_MeditationVigil-TurkeySyria-QuakeArea.png 323w\" sizes=\"(max-width: 300px) 100vw, 300px\" \/><\/a><a href=\"https:\/\/www.makara.us\/portal\/wp-content\/uploads\/2023\/02\/2023_MeditationVigil-TurkeySyria-QuakeArea2.png\"><img decoding=\"async\" class=\"alignnone size-medium wp-image-1446\" src=\"https:\/\/www.makara.us\/portal\/wp-content\/uploads\/2023\/02\/2023_MeditationVigil-TurkeySyria-QuakeArea2-300x233.png\" alt=\"\" width=\"300\" height=\"233\" srcset=\"https:\/\/www.makara.us\/portal\/wp-content\/uploads\/2023\/02\/2023_MeditationVigil-TurkeySyria-QuakeArea2-300x233.png 300w, https:\/\/www.makara.us\/portal\/wp-content\/uploads\/2023\/02\/2023_MeditationVigil-TurkeySyria-QuakeArea2.png 768w\" sizes=\"(max-width: 300px) 100vw, 300px\" \/><\/a><\/p>\n<p style=\"text-align: center;\"><span style=\"color: #000080;\"><strong>&#8220;Water of life am I, poured forth for thirsty men.&#8221;<\/strong><\/span><\/p>\n<p style=\"text-align: center;\"><span style=\"color: #000080;\"><strong>&#8220;El\u00e4m\u00e4n vesi min\u00e4 olen, vuodatettu esiin janoisia varten.&#8221;<\/strong><\/span><\/p>\n<p><a href=\"https:\/\/www.makara.us\/portal\/wp-content\/uploads\/2023\/02\/2023_MeditationVigil-Turkey-RaysInfo1.png\"><img decoding=\"async\" class=\"wp-image-1450 size-full aligncenter\" src=\"https:\/\/www.makara.us\/portal\/wp-content\/uploads\/2023\/02\/2023_MeditationVigil-Turkey-RaysInfo1.png\" alt=\"\" width=\"1111\" height=\"221\" srcset=\"https:\/\/www.makara.us\/portal\/wp-content\/uploads\/2023\/02\/2023_MeditationVigil-Turkey-RaysInfo1.png 1111w, https:\/\/www.makara.us\/portal\/wp-content\/uploads\/2023\/02\/2023_MeditationVigil-Turkey-RaysInfo1-300x60.png 300w, https:\/\/www.makara.us\/portal\/wp-content\/uploads\/2023\/02\/2023_MeditationVigil-Turkey-RaysInfo1-1024x204.png 1024w, https:\/\/www.makara.us\/portal\/wp-content\/uploads\/2023\/02\/2023_MeditationVigil-Turkey-RaysInfo1-768x153.png 768w\" sizes=\"(max-width: 1111px) 100vw, 1111px\" \/><br \/>\n<\/a><a href=\"https:\/\/www.makara.us\/portal\/wp-content\/uploads\/2023\/02\/2023_MeditationVigil-Syria-RaysInfo1.png\"><img loading=\"lazy\" decoding=\"async\" class=\" wp-image-1449 aligncenter\" src=\"https:\/\/www.makara.us\/portal\/wp-content\/uploads\/2023\/02\/2023_MeditationVigil-Syria-RaysInfo1.png\" alt=\"\" width=\"1110\" height=\"156\" srcset=\"https:\/\/www.makara.us\/portal\/wp-content\/uploads\/2023\/02\/2023_MeditationVigil-Syria-RaysInfo1.png 1202w, https:\/\/www.makara.us\/portal\/wp-content\/uploads\/2023\/02\/2023_MeditationVigil-Syria-RaysInfo1-300x42.png 300w, https:\/\/www.makara.us\/portal\/wp-content\/uploads\/2023\/02\/2023_MeditationVigil-Syria-RaysInfo1-1024x144.png 1024w, https:\/\/www.makara.us\/portal\/wp-content\/uploads\/2023\/02\/2023_MeditationVigil-Syria-RaysInfo1-768x108.png 768w\" sizes=\"(max-width: 1110px) 100vw, 1110px\" \/><\/a><\/p>\n<p>&nbsp;<\/p>\n<div>\n<div class=\"content\">\n<h2><strong>Recordings for webinars in this series:<\/strong><\/h2>\n<p style=\"padding-left: 40px;\"><strong><a href=\"https:\/\/www.dropbox.com\/s\/qff6mo97alf7jqb\/2023_02-07-MediationVigil-Syria-Turkey.mp4?raw=1\" target=\"_blank\" rel=\"noopener\">Turkey-Syria Vigil Meditation 01<\/a><\/strong>, video -mp4 file, held February 07, 2023, 1.01hrs, 167MB<br \/>\n<a href=\"https:\/\/www.dropbox.com\/s\/qxq421a4ms25619\/2023_02-08-MediationVigil-Syria-Turkey.mp4?raw=1\"><strong>Turkey-Syria Vigil Meditation 02<\/strong><\/a>, video -mp4 file, held February 08, 2023, 1.00hrs, 159MB<\/p>\n<p style=\"padding-left: 40px;\">\n<\/div>\n<p style=\"padding-left: 40px;\">\n<\/div>\n<div class=\"content\">\n<div class=\"content\">\n<p align=\"left\">\n<\/div>\n<\/div>\n","protected":false},"excerpt":{"rendered":"<p>Special Syria | Turkey Meditation Vigil &#8220;This intensification of the light will continue until A.D. 2025, when there will come a cycle of relative stability and of steady shining without much augmentation.&#8221; (EP I p103) Vigil Meditation for Turkey and Syria\u00a0\u00a0 &#8220;Water of life am I, poured forth for thirsty men.&#8221; &#8220;El\u00e4m\u00e4n vesi min\u00e4 olen, &hellip; <a href=\"https:\/\/www.makara.us\/portal\/?page_id=1441\">Continue reading <span class=\"meta-nav\">&rarr;<\/span><\/a><\/p>\n","protected":false},"author":160,"featured_media":0,"parent":217,"menu_order":0,"comment_status":"closed","ping_status":"closed","template":"template-full-width.php","meta":{"footnotes":""},"class_list":["post-1441","page","type-page","status-publish","hentry"],"_links":{"self":[{"href":"https:\/\/www.makara.us\/portal\/index.php?rest_route=\/wp\/v2\/pages\/1441","targetHints":{"allow":["GET"]}}],"collection":[{"href":"https:\/\/www.makara.us\/portal\/index.php?rest_route=\/wp\/v2\/pages"}],"about":[{"href":"https:\/\/www.makara.us\/portal\/index.php?rest_route=\/wp\/v2\/types\/page"}],"author":[{"embeddable":true,"href":"https:\/\/www.makara.us\/portal\/index.php?rest_route=\/wp\/v2\/users\/160"}],"replies":[{"embeddable":true,"href":"https:\/\/www.makara.us\/portal\/index.php?rest_route=%2Fwp%2Fv2%2Fcomments&post=1441"}],"version-history":[{"count":0,"href":"https:\/\/www.makara.us\/portal\/index.php?rest_route=\/wp\/v2\/pages\/1441\/revisions"}],"up":[{"embeddable":true,"href":"https:\/\/www.makara.us\/portal\/index.php?rest_route=\/wp\/v2\/pages\/217"}],"wp:attachment":[{"href":"https:\/\/www.makara.us\/portal\/index.php?rest_route=%2Fwp%2Fv2%2Fmedia&parent=1441"}],"curies":[{"name":"wp","href":"https:\/\/api.w.org\/{rel}","templated":true}]}}